{"id":664,"date":"2018-07-28T11:34:13","date_gmt":"2018-07-28T11:34:13","guid":{"rendered":"http:\/\/janvonsuppengruen.de\/?page_id=664"},"modified":"2022-11-06T10:30:40","modified_gmt":"2022-11-06T10:30:40","slug":"vier-im-gefaengnis","status":"publish","type":"page","link":"https:\/\/janvonsuppengruen.de\/?page_id=664","title":{"rendered":"Elena &#038; Band &#8211; Elena &#038; Friends"},"content":{"rendered":"<p style=\"text-align: center;\">2017 als Vier auf der Wiese und 2018 sowie 2019 &nbsp;als Vier im Gef\u00e4ngnis, jeweils benannt nach den Auftrittsorten Schlosswiese und Altes Gef\u00e4ngnis in Wittenberg, spielen Zwei im Gartenh\u00e4uschen mit weiteren tollen Musikern exklusive Konzerte f\u00fcr den Kunstverein Wittenberg.<\/p>\n<p style=\"text-align: center;\">Im Rahmen der Weltausstellung 2017 als Vorband der Coverband Phil und 2018 als eigenst\u00e4ndiges Projekt mit drei ausverkauften Italienischen Abenden \u00fcberzeugen Zwei im Gartenh\u00e4uschen auch in gr\u00f6\u00dferer Besetzung! 2019 kn\u00fcpfen sie an das vergangene Jahr an und reisen musikalisch und mit Musikerkollegen durch die Welt.<\/p>\n<p style=\"text-align: center;\">2021 und auch 2022 werden die Projekte fortgesetzt &#8211; 2021 verhilft das Benefizkonzert &#8222;Elena &amp; Friends&#8220; zu einer 5-stelligen Spendensumme zu Gunsten der Flutopfer. 2022 wir die Formation im Rahmen der Wittenberger SommerKultWochen auf der gleichen B\u00fchne stehen, auf der auch die Prinzen sowie Gregor Meyle spielen.<\/p>\n<p style=\"text-align: center;\">2023 ist eine exklusive Italienische Nacht geplant &#8211; in Zusammenarbeit mit dem Best Western Hotel in Wittenberg.<\/p>\n<p><img loading=\"lazy\" decoding=\"async\" class=\"size-medium wp-image-840 aligncenter\" src=\"https:\/\/janvonsuppengruen.de\/wp-content\/uploads\/2022\/10\/13C4771B-4064-4936-AAB8-1E17F137F8F2-632x788.jpeg\" alt=\"\" width=\"632\" height=\"788\" srcset=\"https:\/\/janvonsuppengruen.de\/wp-content\/uploads\/2022\/10\/13C4771B-4064-4936-AAB8-1E17F137F8F2-632x788.jpeg 632w, https:\/\/janvonsuppengruen.de\/wp-content\/uploads\/2022\/10\/13C4771B-4064-4936-AAB8-1E17F137F8F2-1020x1271.jpeg 1020w, https:\/\/janvonsuppengruen.de\/wp-content\/uploads\/2022\/10\/13C4771B-4064-4936-AAB8-1E17F137F8F2-768x957.jpeg 768w, https:\/\/janvonsuppengruen.de\/wp-content\/uploads\/2022\/10\/13C4771B-4064-4936-AAB8-1E17F137F8F2-1232x1536.jpeg 1232w, https:\/\/janvonsuppengruen.de\/wp-content\/uploads\/2022\/10\/13C4771B-4064-4936-AAB8-1E17F137F8F2.jpeg 1440w\" sizes=\"auto, (max-width: 632px) 100vw, 632px\" \/><\/p>\n<p><img loading=\"lazy\" decoding=\"async\" class=\"size-medium wp-image-804 aligncenter\" src=\"https:\/\/janvonsuppengruen.de\/wp-content\/uploads\/2022\/07\/5D4B53F8-4505-43FF-9C09-6A7113D7A324-632x949.jpeg\" alt=\"\" width=\"632\" height=\"949\" srcset=\"https:\/\/janvonsuppengruen.de\/wp-content\/uploads\/2022\/07\/5D4B53F8-4505-43FF-9C09-6A7113D7A324-632x949.jpeg 632w, https:\/\/janvonsuppengruen.de\/wp-content\/uploads\/2022\/07\/5D4B53F8-4505-43FF-9C09-6A7113D7A324-1020x1531.jpeg 1020w, https:\/\/janvonsuppengruen.de\/wp-content\/uploads\/2022\/07\/5D4B53F8-4505-43FF-9C09-6A7113D7A324-768x1153.jpeg 768w, https:\/\/janvonsuppengruen.de\/wp-content\/uploads\/2022\/07\/5D4B53F8-4505-43FF-9C09-6A7113D7A324-1023x1536.jpeg 1023w, https:\/\/janvonsuppengruen.de\/wp-content\/uploads\/2022\/07\/5D4B53F8-4505-43FF-9C09-6A7113D7A324.jpeg 1066w\" sizes=\"auto, (max-width: 632px) 100vw, 632px\" \/> <img loading=\"lazy\" decoding=\"async\" class=\"size-medium wp-image-805 aligncenter\" src=\"https:\/\/janvonsuppengruen.de\/wp-content\/uploads\/2022\/07\/AF3B8619-01B0-48D8-87E4-723CC211B262-632x948.jpeg\" alt=\"\" width=\"632\" height=\"948\" srcset=\"https:\/\/janvonsuppengruen.de\/wp-content\/uploads\/2022\/07\/AF3B8619-01B0-48D8-87E4-723CC211B262-632x948.jpeg 632w, https:\/\/janvonsuppengruen.de\/wp-content\/uploads\/2022\/07\/AF3B8619-01B0-48D8-87E4-723CC211B262-1020x1530.jpeg 1020w, https:\/\/janvonsuppengruen.de\/wp-content\/uploads\/2022\/07\/AF3B8619-01B0-48D8-87E4-723CC211B262-768x1152.jpeg 768w, https:\/\/janvonsuppengruen.de\/wp-content\/uploads\/2022\/07\/AF3B8619-01B0-48D8-87E4-723CC211B262-1024x1536.jpeg 1024w, https:\/\/janvonsuppengruen.de\/wp-content\/uploads\/2022\/07\/AF3B8619-01B0-48D8-87E4-723CC211B262.jpeg 1365w\" sizes=\"auto, (max-width: 632px) 100vw, 632px\" \/><\/p>\n<p style=\"text-align: center;\">\n<p><img loading=\"lazy\" decoding=\"async\" class=\"aligncenter size-full wp-image-751\" src=\"https:\/\/janvonsuppengruen.de\/wp-content\/uploads\/2020\/02\/98DD5B01-85FF-4855-BDDB-5F9378F26994.jpeg\" alt=\"\" width=\"960\" height=\"640\" srcset=\"https:\/\/janvonsuppengruen.de\/wp-content\/uploads\/2020\/02\/98DD5B01-85FF-4855-BDDB-5F9378F26994.jpeg 960w, https:\/\/janvonsuppengruen.de\/wp-content\/uploads\/2020\/02\/98DD5B01-85FF-4855-BDDB-5F9378F26994-632x421.jpeg 632w, https:\/\/janvonsuppengruen.de\/wp-content\/uploads\/2020\/02\/98DD5B01-85FF-4855-BDDB-5F9378F26994-768x512.jpeg 768w\" sizes=\"auto, (max-width: 767px) 89vw, (max-width: 1000px) 54vw, (max-width: 1071px) 543px, 580px\" \/><\/p>\n<p><img loading=\"lazy\" decoding=\"async\" class=\"aligncenter size-full wp-image-754\" src=\"https:\/\/janvonsuppengruen.de\/wp-content\/uploads\/2020\/02\/0318F076-F21D-428F-B060-70E7ED4C3C44.jpeg\" alt=\"\" width=\"960\" height=\"640\" srcset=\"https:\/\/janvonsuppengruen.de\/wp-content\/uploads\/2020\/02\/0318F076-F21D-428F-B060-70E7ED4C3C44.jpeg 960w, https:\/\/janvonsuppengruen.de\/wp-content\/uploads\/2020\/02\/0318F076-F21D-428F-B060-70E7ED4C3C44-632x421.jpeg 632w, https:\/\/janvonsuppengruen.de\/wp-content\/uploads\/2020\/02\/0318F076-F21D-428F-B060-70E7ED4C3C44-768x512.jpeg 768w\" sizes=\"auto, (max-width: 767px) 89vw, (max-width: 1000px) 54vw, (max-width: 1071px) 543px, 580px\" \/><\/p>\n<p><img loading=\"lazy\" decoding=\"async\" class=\"aligncenter size-full wp-image-752\" src=\"https:\/\/janvonsuppengruen.de\/wp-content\/uploads\/2020\/02\/586AE24F-BA1E-40FB-8C8E-C33446324ACE.jpeg\" alt=\"\" width=\"960\" height=\"640\" srcset=\"https:\/\/janvonsuppengruen.de\/wp-content\/uploads\/2020\/02\/586AE24F-BA1E-40FB-8C8E-C33446324ACE.jpeg 960w, https:\/\/janvonsuppengruen.de\/wp-content\/uploads\/2020\/02\/586AE24F-BA1E-40FB-8C8E-C33446324ACE-632x421.jpeg 632w, https:\/\/janvonsuppengruen.de\/wp-content\/uploads\/2020\/02\/586AE24F-BA1E-40FB-8C8E-C33446324ACE-768x512.jpeg 768w\" sizes=\"auto, (max-width: 767px) 89vw, (max-width: 1000px) 54vw, (max-width: 1071px) 543px, 580px\" \/><\/p>\n<p><img loading=\"lazy\" decoding=\"async\" class=\"aligncenter size-full wp-image-665\" src=\"https:\/\/janvonsuppengruen.de\/wp-content\/uploads\/2018\/07\/246BC95C-1801-4D26-9775-FCAE19AB1E05.jpeg\" alt=\"\" width=\"3796\" height=\"2545\" srcset=\"https:\/\/janvonsuppengruen.de\/wp-content\/uploads\/2018\/07\/246BC95C-1801-4D26-9775-FCAE19AB1E05.jpeg 3796w, https:\/\/janvonsuppengruen.de\/wp-content\/uploads\/2018\/07\/246BC95C-1801-4D26-9775-FCAE19AB1E05-632x424.jpeg 632w, https:\/\/janvonsuppengruen.de\/wp-content\/uploads\/2018\/07\/246BC95C-1801-4D26-9775-FCAE19AB1E05-768x515.jpeg 768w, https:\/\/janvonsuppengruen.de\/wp-content\/uploads\/2018\/07\/246BC95C-1801-4D26-9775-FCAE19AB1E05-1020x684.jpeg 1020w\" sizes=\"auto, (max-width: 767px) 89vw, (max-width: 1000px) 54vw, (max-width: 1071px) 543px, 580px\" \/><\/p>\n<p><img loading=\"lazy\" decoding=\"async\" class=\"aligncenter size-full wp-image-666\" src=\"https:\/\/janvonsuppengruen.de\/wp-content\/uploads\/2018\/07\/0622F0E6-6621-45F0-A1A7-BA5CC427A6B6.jpeg\" alt=\"\" width=\"2874\" height=\"2023\" srcset=\"https:\/\/janvonsuppengruen.de\/wp-content\/uploads\/2018\/07\/0622F0E6-6621-45F0-A1A7-BA5CC427A6B6.jpeg 2874w, https:\/\/janvonsuppengruen.de\/wp-content\/uploads\/2018\/07\/0622F0E6-6621-45F0-A1A7-BA5CC427A6B6-632x445.jpeg 632w, https:\/\/janvonsuppengruen.de\/wp-content\/uploads\/2018\/07\/0622F0E6-6621-45F0-A1A7-BA5CC427A6B6-768x541.jpeg 768w, https:\/\/janvonsuppengruen.de\/wp-content\/uploads\/2018\/07\/0622F0E6-6621-45F0-A1A7-BA5CC427A6B6-1020x718.jpeg 1020w\" sizes=\"auto, (max-width: 767px) 89vw, (max-width: 1000px) 54vw, (max-width: 1071px) 543px, 580px\" \/><\/p>\n<p><img loading=\"lazy\" decoding=\"async\" class=\"aligncenter size-full wp-image-667\" src=\"https:\/\/janvonsuppengruen.de\/wp-content\/uploads\/2018\/07\/B847B0C3-E1D5-4778-8F34-6CB5D3DB5D64.jpeg\" alt=\"\" width=\"4032\" height=\"3024\" srcset=\"https:\/\/janvonsuppengruen.de\/wp-content\/uploads\/2018\/07\/B847B0C3-E1D5-4778-8F34-6CB5D3DB5D64.jpeg 4032w, https:\/\/janvonsuppengruen.de\/wp-content\/uploads\/2018\/07\/B847B0C3-E1D5-4778-8F34-6CB5D3DB5D64-632x474.jpeg 632w, https:\/\/janvonsuppengruen.de\/wp-content\/uploads\/2018\/07\/B847B0C3-E1D5-4778-8F34-6CB5D3DB5D64-768x576.jpeg 768w, https:\/\/janvonsuppengruen.de\/wp-content\/uploads\/2018\/07\/B847B0C3-E1D5-4778-8F34-6CB5D3DB5D64-1020x765.jpeg 1020w, https:\/\/janvonsuppengruen.de\/wp-content\/uploads\/2018\/07\/B847B0C3-E1D5-4778-8F34-6CB5D3DB5D64-2000x1500.jpeg 2000w\" sizes=\"auto, (max-width: 767px) 89vw, (max-width: 1000px) 54vw, (max-width: 1071px) 543px, 580px\" \/><\/p>\n<p><img loading=\"lazy\" decoding=\"async\" class=\"aligncenter size-full wp-image-668\" src=\"https:\/\/janvonsuppengruen.de\/wp-content\/uploads\/2018\/07\/F50F25F4-54CC-4B74-91A3-93E6B08E7FC5.jpeg\" alt=\"\" width=\"4032\" height=\"3024\" srcset=\"https:\/\/janvonsuppengruen.de\/wp-content\/uploads\/2018\/07\/F50F25F4-54CC-4B74-91A3-93E6B08E7FC5.jpeg 4032w, https:\/\/janvonsuppengruen.de\/wp-content\/uploads\/2018\/07\/F50F25F4-54CC-4B74-91A3-93E6B08E7FC5-632x474.jpeg 632w, https:\/\/janvonsuppengruen.de\/wp-content\/uploads\/2018\/07\/F50F25F4-54CC-4B74-91A3-93E6B08E7FC5-768x576.jpeg 768w, https:\/\/janvonsuppengruen.de\/wp-content\/uploads\/2018\/07\/F50F25F4-54CC-4B74-91A3-93E6B08E7FC5-1020x765.jpeg 1020w, https:\/\/janvonsuppengruen.de\/wp-content\/uploads\/2018\/07\/F50F25F4-54CC-4B74-91A3-93E6B08E7FC5-2000x1500.jpeg 2000w\" sizes=\"auto, (max-width: 767px) 89vw, (max-width: 1000px) 54vw, (max-width: 1071px) 543px, 580px\" \/><\/p>\n<p><img loading=\"lazy\" decoding=\"async\" class=\"aligncenter size-full wp-image-669\" src=\"https:\/\/janvonsuppengruen.de\/wp-content\/uploads\/2018\/07\/172E0CB1-2938-4AC7-B47B-764E7058A87A.jpeg\" alt=\"\" width=\"3286\" height=\"1953\" srcset=\"https:\/\/janvonsuppengruen.de\/wp-content\/uploads\/2018\/07\/172E0CB1-2938-4AC7-B47B-764E7058A87A.jpeg 3286w, https:\/\/janvonsuppengruen.de\/wp-content\/uploads\/2018\/07\/172E0CB1-2938-4AC7-B47B-764E7058A87A-632x376.jpeg 632w, https:\/\/janvonsuppengruen.de\/wp-content\/uploads\/2018\/07\/172E0CB1-2938-4AC7-B47B-764E7058A87A-768x456.jpeg 768w, https:\/\/janvonsuppengruen.de\/wp-content\/uploads\/2018\/07\/172E0CB1-2938-4AC7-B47B-764E7058A87A-1020x606.jpeg 1020w\" sizes=\"auto, (max-width: 767px) 89vw, (max-width: 1000px) 54vw, (max-width: 1071px) 543px, 580px\" \/><\/p>\n<p><img loading=\"lazy\" decoding=\"async\" class=\"aligncenter size-full wp-image-678\" src=\"https:\/\/janvonsuppengruen.de\/wp-content\/uploads\/2018\/07\/E1D26F9F-9B05-4C80-AE6B-F898FC4B0DB1.jpeg\" alt=\"\" width=\"640\" height=\"960\" srcset=\"https:\/\/janvonsuppengruen.de\/wp-content\/uploads\/2018\/07\/E1D26F9F-9B05-4C80-AE6B-F898FC4B0DB1.jpeg 640w, https:\/\/janvonsuppengruen.de\/wp-content\/uploads\/2018\/07\/E1D26F9F-9B05-4C80-AE6B-F898FC4B0DB1-632x948.jpeg 632w\" sizes=\"auto, (max-width: 640px) 100vw, 640px\" \/><\/p>\n<p><img loading=\"lazy\" decoding=\"async\" class=\"aligncenter size-full wp-image-670\" src=\"https:\/\/janvonsuppengruen.de\/wp-content\/uploads\/2018\/07\/8A11883C-3420-46AB-B843-FC500D288584.jpeg\" alt=\"\" width=\"3575\" height=\"2517\" srcset=\"https:\/\/janvonsuppengruen.de\/wp-content\/uploads\/2018\/07\/8A11883C-3420-46AB-B843-FC500D288584.jpeg 3575w, https:\/\/janvonsuppengruen.de\/wp-content\/uploads\/2018\/07\/8A11883C-3420-46AB-B843-FC500D288584-632x445.jpeg 632w, https:\/\/janvonsuppengruen.de\/wp-content\/uploads\/2018\/07\/8A11883C-3420-46AB-B843-FC500D288584-768x541.jpeg 768w, https:\/\/janvonsuppengruen.de\/wp-content\/uploads\/2018\/07\/8A11883C-3420-46AB-B843-FC500D288584-1020x718.jpeg 1020w\" sizes=\"auto, (max-width: 767px) 89vw, (max-width: 1000px) 54vw, (max-width: 1071px) 543px, 580px\" \/><\/p>\n<p><img loading=\"lazy\" decoding=\"async\" class=\"aligncenter size-full wp-image-676\" src=\"https:\/\/janvonsuppengruen.de\/wp-content\/uploads\/2018\/07\/5EECFC9C-7939-4DEE-BA11-23A206DFFAD0.jpeg\" alt=\"\" width=\"960\" height=\"640\" srcset=\"https:\/\/janvonsuppengruen.de\/wp-content\/uploads\/2018\/07\/5EECFC9C-7939-4DEE-BA11-23A206DFFAD0.jpeg 960w, https:\/\/janvonsuppengruen.de\/wp-content\/uploads\/2018\/07\/5EECFC9C-7939-4DEE-BA11-23A206DFFAD0-632x421.jpeg 632w, https:\/\/janvonsuppengruen.de\/wp-content\/uploads\/2018\/07\/5EECFC9C-7939-4DEE-BA11-23A206DFFAD0-768x512.jpeg 768w\" sizes=\"auto, (max-width: 767px) 89vw, (max-width: 1000px) 54vw, (max-width: 1071px) 543px, 580px\" \/><\/p>\n<p><img loading=\"lazy\" decoding=\"async\" class=\"aligncenter size-full wp-image-677\" src=\"https:\/\/janvonsuppengruen.de\/wp-content\/uploads\/2018\/07\/70B298CE-9D1E-4289-9739-680C5A182869.jpeg\" alt=\"\" width=\"960\" height=\"640\" srcset=\"https:\/\/janvonsuppengruen.de\/wp-content\/uploads\/2018\/07\/70B298CE-9D1E-4289-9739-680C5A182869.jpeg 960w, https:\/\/janvonsuppengruen.de\/wp-content\/uploads\/2018\/07\/70B298CE-9D1E-4289-9739-680C5A182869-632x421.jpeg 632w, https:\/\/janvonsuppengruen.de\/wp-content\/uploads\/2018\/07\/70B298CE-9D1E-4289-9739-680C5A182869-768x512.jpeg 768w\" sizes=\"auto, (max-width: 767px) 89vw, (max-width: 1000px) 54vw, (max-width: 1071px) 543px, 580px\" \/><\/p>\n<p><img loading=\"lazy\" decoding=\"async\" class=\"aligncenter size-full wp-image-671\" src=\"https:\/\/janvonsuppengruen.de\/wp-content\/uploads\/2018\/07\/00E7041A-51D5-4332-A7BF-59FFE40FDED1.jpeg\" alt=\"\" width=\"768\" height=\"1024\" srcset=\"https:\/\/janvonsuppengruen.de\/wp-content\/uploads\/2018\/07\/00E7041A-51D5-4332-A7BF-59FFE40FDED1.jpeg 768w, https:\/\/janvonsuppengruen.de\/wp-content\/uploads\/2018\/07\/00E7041A-51D5-4332-A7BF-59FFE40FDED1-632x843.jpeg 632w\" sizes=\"auto, (max-width: 767px) 89vw, (max-width: 1000px) 54vw, (max-width: 1071px) 543px, 580px\" \/><\/p>\n<figure id=\"attachment_553\" aria-describedby=\"caption-attachment-553\" style=\"width: 3370px\" class=\"wp-caption aligncenter\"><img loading=\"lazy\" decoding=\"async\" class=\"size-full wp-image-553\" src=\"https:\/\/janvonsuppengruen.de\/wp-content\/uploads\/2016\/08\/FullSizeRender.jpg\" alt=\"\" width=\"3370\" height=\"1332\" srcset=\"https:\/\/janvonsuppengruen.de\/wp-content\/uploads\/2016\/08\/FullSizeRender.jpg 3370w, https:\/\/janvonsuppengruen.de\/wp-content\/uploads\/2016\/08\/FullSizeRender-632x250.jpg 632w, https:\/\/janvonsuppengruen.de\/wp-content\/uploads\/2016\/08\/FullSizeRender-768x304.jpg 768w, https:\/\/janvonsuppengruen.de\/wp-content\/uploads\/2016\/08\/FullSizeRender-1020x403.jpg 1020w\" sizes=\"auto, (max-width: 767px) 89vw, (max-width: 1000px) 54vw, (max-width: 1071px) 543px, 580px\" \/><figcaption id=\"caption-attachment-553\" class=\"wp-caption-text\">2017 &#8211; Vier auf der Wiese<\/figcaption><\/figure>\n","protected":false},"excerpt":{"rendered":"<p>2017 als Vier auf der Wiese und 2018 sowie 2019 &nbsp;als Vier im Gef\u00e4ngnis, jeweils benannt nach den Auftrittsorten Schlosswiese und Altes Gef\u00e4ngnis in Wittenberg, spielen Zwei im Gartenh\u00e4uschen mit weiteren tollen Musikern exklusive Konzerte f\u00fcr den Kunstverein Wittenberg. Im Rahmen der Weltausstellung 2017 als Vorband der Coverband Phil und 2018 als eigenst\u00e4ndiges Projekt mit &hellip; <\/p>\n<p class=\"link-more\"><a href=\"https:\/\/janvonsuppengruen.de\/?page_id=664\" class=\"more-link\"><span class=\"screen-reader-text\">\u201eElena &#038; Band &#8211; Elena &#038; Friends\u201c <\/span>weiterlesen<\/a><\/p>\n","protected":false},"author":1,"featured_media":669,"parent":155,"menu_order":0,"comment_status":"closed","ping_status":"closed","template":"","meta":{"footnotes":""},"class_list":["post-664","page","type-page","status-publish","has-post-thumbnail","hentry"],"_links":{"self":[{"href":"https:\/\/janvonsuppengruen.de\/index.php?rest_route=\/wp\/v2\/pages\/664","targetHints":{"allow":["GET"]}}],"collection":[{"href":"https:\/\/janvonsuppengruen.de\/index.php?rest_route=\/wp\/v2\/pages"}],"about":[{"href":"https:\/\/janvonsuppengruen.de\/index.php?rest_route=\/wp\/v2\/types\/page"}],"author":[{"embeddable":true,"href":"https:\/\/janvonsuppengruen.de\/index.php?rest_route=\/wp\/v2\/users\/1"}],"replies":[{"embeddable":true,"href":"https:\/\/janvonsuppengruen.de\/index.php?rest_route=%2Fwp%2Fv2%2Fcomments&post=664"}],"version-history":[{"count":12,"href":"https:\/\/janvonsuppengruen.de\/index.php?rest_route=\/wp\/v2\/pages\/664\/revisions"}],"predecessor-version":[{"id":869,"href":"https:\/\/janvonsuppengruen.de\/index.php?rest_route=\/wp\/v2\/pages\/664\/revisions\/869"}],"up":[{"embeddable":true,"href":"https:\/\/janvonsuppengruen.de\/index.php?rest_route=\/wp\/v2\/pages\/155"}],"wp:featuredmedia":[{"embeddable":true,"href":"https:\/\/janvonsuppengruen.de\/index.php?rest_route=\/wp\/v2\/media\/669"}],"wp:attachment":[{"href":"https:\/\/janvonsuppengruen.de\/index.php?rest_route=%2Fwp%2Fv2%2Fmedia&parent=664"}],"curies":[{"name":"wp","href":"https:\/\/api.w.org\/{rel}","templated":true}]}}