{"id":573,"date":"2017-08-19T12:19:27","date_gmt":"2017-08-19T12:19:27","guid":{"rendered":"http:\/\/janvonsuppengruen.de\/?page_id=573"},"modified":"2017-08-19T12:19:27","modified_gmt":"2017-08-19T12:19:27","slug":"equipment-technik","status":"publish","type":"page","link":"https:\/\/janvonsuppengruen.de\/?page_id=573","title":{"rendered":"Equipment + Technik"},"content":{"rendered":"<p style=\"text-align: center;\">Klang ist nicht gleich Klang!<\/p>\n<p style=\"text-align: center;\">Jan von Suppengr\u00fcn und auch Zwei im Gartenh\u00e4uschen arbeiten mit hochwertigen Instrumenten und erstklassigen Tonanlagen. Denn wie so oft im Leben h\u00e4ngt der Erfolg, und hier der runde Klang, auch von der Technik ab. Daher nutzen wir unter anderem folgende Marken:<\/p>\n<p style=\"text-align: center;\"><img loading=\"lazy\" decoding=\"async\" class=\"aligncenter  wp-image-578\" src=\"https:\/\/janvonsuppengruen.de\/wp-content\/uploads\/2017\/08\/technik.png\" alt=\"\" width=\"584\" height=\"346\" srcset=\"https:\/\/janvonsuppengruen.de\/wp-content\/uploads\/2017\/08\/technik.png 1596w, https:\/\/janvonsuppengruen.de\/wp-content\/uploads\/2017\/08\/technik-632x375.png 632w, https:\/\/janvonsuppengruen.de\/wp-content\/uploads\/2017\/08\/technik-768x455.png 768w, https:\/\/janvonsuppengruen.de\/wp-content\/uploads\/2017\/08\/technik-1020x605.png 1020w\" sizes=\"auto, (max-width: 584px) 100vw, 584px\" \/><\/p>\n<p style=\"text-align: center;\">\n<p>&nbsp;<\/p>\n","protected":false},"excerpt":{"rendered":"<p>Klang ist nicht gleich Klang! Jan von Suppengr\u00fcn und auch Zwei im Gartenh\u00e4uschen arbeiten mit hochwertigen Instrumenten und erstklassigen Tonanlagen. Denn wie so oft im Leben h\u00e4ngt der Erfolg, und hier der runde Klang, auch von der Technik ab. Daher nutzen wir unter anderem folgende Marken: &nbsp;<\/p>\n","protected":false},"author":1,"featured_media":0,"parent":0,"menu_order":0,"comment_status":"closed","ping_status":"closed","template":"","meta":{"footnotes":""},"class_list":["post-573","page","type-page","status-publish","hentry"],"_links":{"self":[{"href":"https:\/\/janvonsuppengruen.de\/index.php?rest_route=\/wp\/v2\/pages\/573","targetHints":{"allow":["GET"]}}],"collection":[{"href":"https:\/\/janvonsuppengruen.de\/index.php?rest_route=\/wp\/v2\/pages"}],"about":[{"href":"https:\/\/janvonsuppengruen.de\/index.php?rest_route=\/wp\/v2\/types\/page"}],"author":[{"embeddable":true,"href":"https:\/\/janvonsuppengruen.de\/index.php?rest_route=\/wp\/v2\/users\/1"}],"replies":[{"embeddable":true,"href":"https:\/\/janvonsuppengruen.de\/index.php?rest_route=%2Fwp%2Fv2%2Fcomments&post=573"}],"version-history":[{"count":5,"href":"https:\/\/janvonsuppengruen.de\/index.php?rest_route=\/wp\/v2\/pages\/573\/revisions"}],"predecessor-version":[{"id":581,"href":"https:\/\/janvonsuppengruen.de\/index.php?rest_route=\/wp\/v2\/pages\/573\/revisions\/581"}],"wp:attachment":[{"href":"https:\/\/janvonsuppengruen.de\/index.php?rest_route=%2Fwp%2Fv2%2Fmedia&parent=573"}],"curies":[{"name":"wp","href":"https:\/\/api.w.org\/{rel}","templated":true}]}}