{"id":2,"date":"2016-02-03T04:08:41","date_gmt":"2016-02-03T04:08:41","guid":{"rendered":"http:\/\/wp442m.a10-52-158-154.qa.plesk.ru\/wordpress\/?page_id=2"},"modified":"2022-11-06T10:29:05","modified_gmt":"2022-11-06T10:29:05","slug":"sample-page","status":"publish","type":"page","link":"https:\/\/janvonsuppengruen.de\/","title":{"rendered":"Jan von Suppengr\u00fcn"},"content":{"rendered":"<p style=\"text-align: left;\">\n<div class=\"magee-flipbox-wrap  magee-shortcode magee-flip-box flip-box-076ft7 horizontal\" id=\"\" data-direction=\"horizontal\">\r\n\t\t\t\t\t\t\t<div class=\"magee-flipbox\">\r\n\t\t\t\t\t\t\t\t<div class=\"flipbox-front\">\r\n\t\t\t\t\t\t\t\t\t<div class=\"flipbox-content\">\r\n\t\t\t\t\t\t\t\t\t\tZum Beispiel\r\n\t\t\t\t\t\t\t\t\t<\/div>\r\n\t\t\t\t\t\t\t\t<\/div>\r\n\t\t\t\t\t\t\t\t<div class=\"flipbox-back\">\r\n\t\t\t\t\t\t\t\t\t<div class=\"flipbox-content\">\r\n\t\t\t\t\t\t\t\t\t\tWESTERNHAGEN \u2022 HOFFMAN&amp;HOFFMANN \u2022 SPORTFREUNDE STILLER \u2022 CCR \u2022 ERIC CLAPTON \u2022 ACHIM REICHEL \u2022 ELVIS PRESLEY \u2022 UDO LINDENBERG \u2022 UNCLE CRACKER \u2022 JOHNNY CASH \u2022 MARK FORSTER \u2022 ED SHEERAN \u2022 CHUBBY CHECKER\u00a0\u2022 GEORGE EZRA \u2022 PE WERNER \u2022 SMOKIE \u2022 GEIER STURZFLUG \u2022 PUR \u2022 REM\u00a0\u2022 JULIANE WERDING \u2022 PUHDYS \u2022 BILLY RAY CYRUS \u2022 SOUL ASYLUM \u2022 THE CHAMPS\u00a0\u2022 PURPLE SCHULZ \u2022 DIRE STRAITS \u2022 THE PROCLAIMERS \u2022 PETER MAFFAY \u2022 URIAH HEEP \u2022 UVM\r\n\t\t\t\t\t\t\t\t\t<\/div>\r\n\t\t\t\t\t\t\t\t<\/div>\r\n\t\t\t\t\t\t\t<\/div>\r\n\t\t\t\t\t\t<\/div>\n<p><img loading=\"lazy\" decoding=\"async\" class=\"wp-image-820  aligncenter\" src=\"https:\/\/janvonsuppengruen.de\/wp-content\/uploads\/2022\/10\/cropped-57BC379A-0604-4E3B-9DCC-F531369F20DC_1_102_o-632x740.jpeg\" alt=\"\" width=\"310\" height=\"363\" srcset=\"https:\/\/janvonsuppengruen.de\/wp-content\/uploads\/2022\/10\/cropped-57BC379A-0604-4E3B-9DCC-F531369F20DC_1_102_o-632x740.jpeg 632w, https:\/\/janvonsuppengruen.de\/wp-content\/uploads\/2022\/10\/cropped-57BC379A-0604-4E3B-9DCC-F531369F20DC_1_102_o-1020x1194.jpeg 1020w, https:\/\/janvonsuppengruen.de\/wp-content\/uploads\/2022\/10\/cropped-57BC379A-0604-4E3B-9DCC-F531369F20DC_1_102_o-768x899.jpeg 768w, https:\/\/janvonsuppengruen.de\/wp-content\/uploads\/2022\/10\/cropped-57BC379A-0604-4E3B-9DCC-F531369F20DC_1_102_o-1312x1536.jpeg 1312w, https:\/\/janvonsuppengruen.de\/wp-content\/uploads\/2022\/10\/cropped-57BC379A-0604-4E3B-9DCC-F531369F20DC_1_102_o-1749x2048.jpeg 1749w, https:\/\/janvonsuppengruen.de\/wp-content\/uploads\/2022\/10\/cropped-57BC379A-0604-4E3B-9DCC-F531369F20DC_1_102_o.jpeg 2000w\" sizes=\"auto, (max-width: 310px) 100vw, 310px\" \/><\/p>\n<audio class=\"wp-audio-shortcode\" id=\"audio-2-1\" preload=\"auto\" style=\"width: 100%;\" controls=\"controls\"><source type=\"audio\/mpeg\" src=\"https:\/\/janvonsuppengruen.de\/wp-content\/uploads\/2016\/02\/medley_webseite.mp3?_=1\" \/><a href=\"https:\/\/janvonsuppengruen.de\/wp-content\/uploads\/2016\/02\/medley_webseite.mp3\">https:\/\/janvonsuppengruen.de\/wp-content\/uploads\/2016\/02\/medley_webseite.mp3<\/a><\/audio>\n<p style=\"text-align: center;\">Immer die aktuellen News und Veranstaltungen auf Facebook:<\/p>\n<p style=\"text-align: center;\"><a href=\"https:\/\/www.facebook.com\/Jan-von-Suppengr%C3%BCn-1642202926028825\/\" target=\"_blank\" rel=\"noopener noreferrer\"><img loading=\"lazy\" decoding=\"async\" class=\"aligncenter wp-image-70\" src=\"https:\/\/janvonsuppengruen.de\/wp-content\/uploads\/2016\/02\/Facebook_Logo-632x632.png\" alt=\"Facebook_Logo\" width=\"40\" height=\"40\" srcset=\"https:\/\/janvonsuppengruen.de\/wp-content\/uploads\/2016\/02\/Facebook_Logo-632x632.png 632w, https:\/\/janvonsuppengruen.de\/wp-content\/uploads\/2016\/02\/Facebook_Logo-768x768.png 768w, https:\/\/janvonsuppengruen.de\/wp-content\/uploads\/2016\/02\/Facebook_Logo-1020x1020.png 1020w, https:\/\/janvonsuppengruen.de\/wp-content\/uploads\/2016\/02\/Facebook_Logo.png 1024w\" sizes=\"auto, (max-width: 40px) 100vw, 40px\" \/><\/a><\/p>\n<p style=\"text-align: center;\">Als Jan von Supppengr\u00fcn bin ich solo unterwegs und verbreite mit einem ungew\u00f6hnlichen und \u00fcberraschenden Musikmix f\u00fcr Jung und Alt jede Menge Spa\u00df.<\/p>\n<p style=\"text-align: center;\">Als Jan von Suppengr\u00fcn nutze ich unter professionelle Backing-Tracks und bringe somit auch allein eine ganze Band auf die B\u00fchne. Obwohl der Rest der Band &#8222;vom Band&#8220; kommt, bleiben Stimme und Gitarrenspiel immer Live. Mit geringem Platzbedarf und viel Spiel-Laune, die auch auf gro\u00dfen Veranstaltungen mitrei\u00dft, ist das ein Spa\u00df-Garant!<\/p>\n","protected":false},"excerpt":{"rendered":"<p>Immer die aktuellen News und Veranstaltungen auf Facebook: Als Jan von Supppengr\u00fcn bin ich solo unterwegs und verbreite mit einem ungew\u00f6hnlichen und \u00fcberraschenden Musikmix f\u00fcr Jung und Alt jede Menge Spa\u00df. Als Jan von Suppengr\u00fcn nutze ich unter professionelle Backing-Tracks und bringe somit auch allein eine ganze Band auf die B\u00fchne. Obwohl der Rest der &hellip; <\/p>\n<p class=\"link-more\"><a href=\"https:\/\/janvonsuppengruen.de\/\" class=\"more-link\"><span class=\"screen-reader-text\">\u201eJan von Suppengr\u00fcn\u201c <\/span>weiterlesen<\/a><\/p>\n","protected":false},"author":1,"featured_media":591,"parent":0,"menu_order":1,"comment_status":"closed","ping_status":"closed","template":"","meta":{"footnotes":""},"class_list":["post-2","page","type-page","status-publish","has-post-thumbnail","hentry"],"_links":{"self":[{"href":"https:\/\/janvonsuppengruen.de\/index.php?rest_route=\/wp\/v2\/pages\/2","targetHints":{"allow":["GET"]}}],"collection":[{"href":"https:\/\/janvonsuppengruen.de\/index.php?rest_route=\/wp\/v2\/pages"}],"about":[{"href":"https:\/\/janvonsuppengruen.de\/index.php?rest_route=\/wp\/v2\/types\/page"}],"author":[{"embeddable":true,"href":"https:\/\/janvonsuppengruen.de\/index.php?rest_route=\/wp\/v2\/users\/1"}],"replies":[{"embeddable":true,"href":"https:\/\/janvonsuppengruen.de\/index.php?rest_route=%2Fwp%2Fv2%2Fcomments&post=2"}],"version-history":[{"count":69,"href":"https:\/\/janvonsuppengruen.de\/index.php?rest_route=\/wp\/v2\/pages\/2\/revisions"}],"predecessor-version":[{"id":867,"href":"https:\/\/janvonsuppengruen.de\/index.php?rest_route=\/wp\/v2\/pages\/2\/revisions\/867"}],"wp:featuredmedia":[{"embeddable":true,"href":"https:\/\/janvonsuppengruen.de\/index.php?rest_route=\/wp\/v2\/media\/591"}],"wp:attachment":[{"href":"https:\/\/janvonsuppengruen.de\/index.php?rest_route=%2Fwp%2Fv2%2Fmedia&parent=2"}],"curies":[{"name":"wp","href":"https:\/\/api.w.org\/{rel}","templated":true}]}}