{"id":155,"date":"2016-08-22T19:00:17","date_gmt":"2016-08-22T19:00:17","guid":{"rendered":"http:\/\/janvonsuppengruen.de\/?page_id=155"},"modified":"2022-10-27T19:17:43","modified_gmt":"2022-10-27T19:17:43","slug":"weitere-projekte","status":"publish","type":"page","link":"https:\/\/janvonsuppengruen.de\/?page_id=155","title":{"rendered":"Zwei im Gartenh\u00e4uschen"},"content":{"rendered":"<p style=\"text-align: center;\"><img loading=\"lazy\" decoding=\"async\" class=\" wp-image-464 aligncenter\" src=\"https:\/\/janvonsuppengruen.de\/wp-content\/uploads\/2016\/08\/Logo_aktuell-632x632.jpg\" alt=\"logo_aktuell\" width=\"395\" height=\"395\" srcset=\"https:\/\/janvonsuppengruen.de\/wp-content\/uploads\/2016\/08\/Logo_aktuell-632x632.jpg 632w, https:\/\/janvonsuppengruen.de\/wp-content\/uploads\/2016\/08\/Logo_aktuell-768x768.jpg 768w, https:\/\/janvonsuppengruen.de\/wp-content\/uploads\/2016\/08\/Logo_aktuell-1020x1020.jpg 1020w, https:\/\/janvonsuppengruen.de\/wp-content\/uploads\/2016\/08\/Logo_aktuell-256x256.jpg 256w\" sizes=\"auto, (max-width: 395px) 100vw, 395px\" \/><\/p>\n<p style=\"text-align: center;\">Aktuelle Songs und \u00e4ltere Hits werden von Elena Bianchi und Jan P. Pajak auf ein akustisches Mindestma\u00df reduziert und entlocken bekannten Titeln dabei viele neue Facetten. Neben deutschen und englischsprachigen Songs spielen Elena und Jan auch italienische St\u00fccke.<\/p>\n<p style=\"text-align: center;\"><strong>Gem\u00fctliche Konzertabende, Firmenfeiern, Bankette und Empf\u00e4nge &#8211; Zwei im Gartenh\u00e4uschen bieten ein stilvolles Programm, immer auch mit einem Augenzwickern!<\/strong><\/p>\n<p style=\"text-align: center;\"><em>\u201c&#8230;unsere gro\u00dfartige Festveranstaltung, an deren Gelingen Ihr ma\u00dfgeblichen Anteil hattet! Herzlichen Dank nochmals. Durchweg alle Feedbacks best\u00e4tigen uns dies auch seitens unserer G\u00e4ste &#8211; es war ein gro\u00dfartiges Event!\u201c <\/em><\/p>\n<p style=\"text-align: center;\">bc Architekten, Lutherstadt Wittenberg<\/p>\n<p style=\"text-align: center;\"><em>\u201eLiebe Elena, vielen lieben Dank. Ihr habt wunderbar gespielt und gesungen, es war toll. Nochmals herzlichen Dank.\u201c<\/em><\/p>\n<p style=\"text-align: center;\">Familienfeier im Ringhotel Zum Stein W\u00f6rlitz<\/p>\n<p style=\"text-align: center;\">\u2022&nbsp; \u2022<\/p>\n<p style=\"text-align: center;\"><strong>Live-Musik f\u00fcr Eure Trauung?<\/strong><\/p>\n<p style=\"text-align: center;\">Elena und Jan sch\u00f6pfen aus einem umfangreichen Repertoire und erf\u00fcllen selbstverst\u00e4ndlich auch Ihre musikalischen W\u00fcnsche! Sprechen Sie uns an &#8211; Ihre Trauung mit Live-Musik macht den sch\u00f6nsten Tag in Ihrem Leben noch ein wenig unvergesslicher.<\/p>\n<p style=\"text-align: center;\"><em>&#8222;Hallo Zwei im Gartenh\u00e4uschen, vielen lieben Dank, dass ihr gestern bei unserem perfekten Tag mit dabei wart. Wir haben zwar vor lauter Aufregung nicht viel mitbekommen, aber ihr wart toll, unseren G\u00e4sten hat es mega gefallen, tolle Songauswahl und super Stimme!&#8220;<\/em><\/p>\n<p style=\"text-align: center;\">Mandy und Karsten, Trauung in Bad Belzig<\/p>\n<p style=\"text-align: center;\">\u2022&nbsp; \u2022<\/p>\n<p style=\"text-align: center;\"><div class=\"magee-flipbox-wrap  magee-shortcode magee-flip-box flip-box-hcs8v1 horizontal\" id=\"\" data-direction=\"horizontal\">\r\n\t\t\t\t\t\t\t<div class=\"magee-flipbox\">\r\n\t\t\t\t\t\t\t\t<div class=\"flipbox-front\">\r\n\t\t\t\t\t\t\t\t\t<div class=\"flipbox-content\">\r\n\t\t\t\t\t\t\t\t\t\tZum Beispiel\r\n\t\t\t\t\t\t\t\t\t<\/div>\r\n\t\t\t\t\t\t\t\t<\/div>\r\n\t\t\t\t\t\t\t\t<div class=\"flipbox-back\">\r\n\t\t\t\t\t\t\t\t\t<div class=\"flipbox-content\">\r\n\t\t\t\t\t\t\t\t\t\tTRACY CHAPMAN \u2022 JESSIE J \u2022 SUZANNE VEGA \u2022 FABIO CONCATO \u2022 DEPECHE MODE \u2022 SILBERMOND \u2022 MARC COHN \u2022 KENNY ROGERS \u2022 ALLE FARBEN \u2022 AC\/DC \u2022 IMANY \u2022 WESTERNHAGEN \u2022 P!NK \u2022 BRUCE SPRINGSTEEN \u2022 GREGOR MEYLE \u2022 DAFT PUNK \u2022 CAT STEVENS \u2022 BOB MARLEY \u2022 UVM\r\n\t\t\t\t\t\t\t\t\t<\/div>\r\n\t\t\t\t\t\t\t\t<\/div>\r\n\t\t\t\t\t\t\t<\/div>\r\n\t\t\t\t\t\t<\/div><\/p>\n<p style=\"text-align: center;\">\u2022&nbsp; \u2022<\/p>\n<p style=\"text-align: center;\">Mehr auf facebook:<\/p>\n<p><a href=\"https:\/\/www.facebook.com\/zweiimgartenhaeuschen\/\" target=\"_blank\" rel=\"noopener noreferrer\"><img loading=\"lazy\" decoding=\"async\" class=\"aligncenter wp-image-70 \" src=\"https:\/\/janvonsuppengruen.de\/wp-content\/uploads\/2016\/02\/Facebook_Logo-632x632.png\" alt=\"Facebook_Logo\" width=\"52\" height=\"52\" srcset=\"https:\/\/janvonsuppengruen.de\/wp-content\/uploads\/2016\/02\/Facebook_Logo-632x632.png 632w, https:\/\/janvonsuppengruen.de\/wp-content\/uploads\/2016\/02\/Facebook_Logo-768x768.png 768w, https:\/\/janvonsuppengruen.de\/wp-content\/uploads\/2016\/02\/Facebook_Logo-1020x1020.png 1020w, https:\/\/janvonsuppengruen.de\/wp-content\/uploads\/2016\/02\/Facebook_Logo.png 1024w\" sizes=\"auto, (max-width: 52px) 100vw, 52px\" \/><\/a><\/p>\n<p style=\"text-align: center;\">\n<p><iframe loading=\"lazy\" title=\"Livestream-Shortcut vom 26.06.2020\" width=\"525\" height=\"295\" src=\"https:\/\/www.youtube.com\/embed\/5_Z2M5frKpk?feature=oembed\" frameborder=\"0\" allow=\"accelerometer; autoplay; clipboard-write; encrypted-media; gyroscope; picture-in-picture; web-share\" referrerpolicy=\"strict-origin-when-cross-origin\" allowfullscreen><\/iframe><\/p>\n<p>Zusammenschnitt aus einem Streaming-Konzert 2020<\/p>\n<p style=\"text-align: center;\">\u2022&nbsp; \u2022<\/p>\n<p style=\"text-align: center;\">Booking-Anfragen gerne direkt unter<\/p>\n<p style=\"text-align: center;\">+49 (0) 162 4111101 (Elena)<\/p>\n<p style=\"text-align: center;\">+49 (0) 157 33008877 (Jan)<\/p>\n<p style=\"text-align: center;\">oder per Mail an hallo@zwei-im-gartenhaeuschen.de<\/p>\n<p><img loading=\"lazy\" decoding=\"async\" class=\"wp-image-834 size-medium aligncenter\" src=\"https:\/\/janvonsuppengruen.de\/wp-content\/uploads\/2022\/10\/CB57B9D1-6237-423D-9091-E49132215435-632x843.jpeg\" alt=\"\" width=\"632\" height=\"843\" srcset=\"https:\/\/janvonsuppengruen.de\/wp-content\/uploads\/2022\/10\/CB57B9D1-6237-423D-9091-E49132215435-632x843.jpeg 632w, https:\/\/janvonsuppengruen.de\/wp-content\/uploads\/2022\/10\/CB57B9D1-6237-423D-9091-E49132215435-1020x1360.jpeg 1020w, https:\/\/janvonsuppengruen.de\/wp-content\/uploads\/2022\/10\/CB57B9D1-6237-423D-9091-E49132215435-768x1024.jpeg 768w, https:\/\/janvonsuppengruen.de\/wp-content\/uploads\/2022\/10\/CB57B9D1-6237-423D-9091-E49132215435-1152x1536.jpeg 1152w, https:\/\/janvonsuppengruen.de\/wp-content\/uploads\/2022\/10\/CB57B9D1-6237-423D-9091-E49132215435-1536x2048.jpeg 1536w, https:\/\/janvonsuppengruen.de\/wp-content\/uploads\/2022\/10\/CB57B9D1-6237-423D-9091-E49132215435-scaled.jpeg 1920w\" sizes=\"auto, (max-width: 632px) 100vw, 632px\" \/><\/p>\n<p><img loading=\"lazy\" decoding=\"async\" class=\"size-medium wp-image-836 aligncenter\" src=\"https:\/\/janvonsuppengruen.de\/wp-content\/uploads\/2022\/10\/70187BF8-B877-4C48-B537-AAD8DE5F6D21-632x421.jpeg\" alt=\"\" width=\"632\" height=\"421\" srcset=\"https:\/\/janvonsuppengruen.de\/wp-content\/uploads\/2022\/10\/70187BF8-B877-4C48-B537-AAD8DE5F6D21-632x421.jpeg 632w, https:\/\/janvonsuppengruen.de\/wp-content\/uploads\/2022\/10\/70187BF8-B877-4C48-B537-AAD8DE5F6D21-1020x680.jpeg 1020w, https:\/\/janvonsuppengruen.de\/wp-content\/uploads\/2022\/10\/70187BF8-B877-4C48-B537-AAD8DE5F6D21-768x512.jpeg 768w, https:\/\/janvonsuppengruen.de\/wp-content\/uploads\/2022\/10\/70187BF8-B877-4C48-B537-AAD8DE5F6D21-1536x1024.jpeg 1536w, https:\/\/janvonsuppengruen.de\/wp-content\/uploads\/2022\/10\/70187BF8-B877-4C48-B537-AAD8DE5F6D21.jpeg 2048w\" sizes=\"auto, (max-width: 632px) 100vw, 632px\" \/><\/p>\n<p><img loading=\"lazy\" decoding=\"async\" class=\"size-medium wp-image-835 aligncenter\" src=\"https:\/\/janvonsuppengruen.de\/wp-content\/uploads\/2022\/10\/6D0A85BF-1B34-490C-BA70-24EA6204605C-632x356.jpeg\" alt=\"\" width=\"632\" height=\"356\" srcset=\"https:\/\/janvonsuppengruen.de\/wp-content\/uploads\/2022\/10\/6D0A85BF-1B34-490C-BA70-24EA6204605C-632x356.jpeg 632w, https:\/\/janvonsuppengruen.de\/wp-content\/uploads\/2022\/10\/6D0A85BF-1B34-490C-BA70-24EA6204605C-1020x574.jpeg 1020w, https:\/\/janvonsuppengruen.de\/wp-content\/uploads\/2022\/10\/6D0A85BF-1B34-490C-BA70-24EA6204605C-768x432.jpeg 768w, https:\/\/janvonsuppengruen.de\/wp-content\/uploads\/2022\/10\/6D0A85BF-1B34-490C-BA70-24EA6204605C.jpeg 1242w\" sizes=\"auto, (max-width: 632px) 100vw, 632px\" \/><\/p>\n<p><img loading=\"lazy\" decoding=\"async\" class=\"size-medium wp-image-676 aligncenter\" src=\"https:\/\/janvonsuppengruen.de\/wp-content\/uploads\/2018\/07\/5EECFC9C-7939-4DEE-BA11-23A206DFFAD0-632x421.jpeg\" alt=\"\" width=\"632\" height=\"421\" srcset=\"https:\/\/janvonsuppengruen.de\/wp-content\/uploads\/2018\/07\/5EECFC9C-7939-4DEE-BA11-23A206DFFAD0-632x421.jpeg 632w, https:\/\/janvonsuppengruen.de\/wp-content\/uploads\/2018\/07\/5EECFC9C-7939-4DEE-BA11-23A206DFFAD0-768x512.jpeg 768w, https:\/\/janvonsuppengruen.de\/wp-content\/uploads\/2018\/07\/5EECFC9C-7939-4DEE-BA11-23A206DFFAD0.jpeg 960w\" sizes=\"auto, (max-width: 632px) 100vw, 632px\" \/><\/p>\n<p><img loading=\"lazy\" decoding=\"async\" class=\"wp-image-625 aligncenter\" src=\"https:\/\/janvonsuppengruen.de\/wp-content\/uploads\/2017\/12\/1705C857-0737-4D04-BD08-C29F078C539C.jpeg\" alt=\"\" width=\"631\" height=\"1001\" srcset=\"https:\/\/janvonsuppengruen.de\/wp-content\/uploads\/2017\/12\/1705C857-0737-4D04-BD08-C29F078C539C.jpeg 1241w, https:\/\/janvonsuppengruen.de\/wp-content\/uploads\/2017\/12\/1705C857-0737-4D04-BD08-C29F078C539C-632x1003.jpeg 632w, https:\/\/janvonsuppengruen.de\/wp-content\/uploads\/2017\/12\/1705C857-0737-4D04-BD08-C29F078C539C-768x1219.jpeg 768w, https:\/\/janvonsuppengruen.de\/wp-content\/uploads\/2017\/12\/1705C857-0737-4D04-BD08-C29F078C539C-1020x1619.jpeg 1020w\" sizes=\"auto, (max-width: 631px) 100vw, 631px\" \/><\/p>\n<p>Mitteldeutsche Zeitung, 15.12.2017<\/p>\n<figure id=\"attachment_553\" aria-describedby=\"caption-attachment-553\" style=\"width: 631px\" class=\"wp-caption alignleft\"><img loading=\"lazy\" decoding=\"async\" class=\" wp-image-553\" src=\"https:\/\/janvonsuppengruen.de\/wp-content\/uploads\/2016\/08\/FullSizeRender.jpg\" alt=\"\" width=\"631\" height=\"249\" srcset=\"https:\/\/janvonsuppengruen.de\/wp-content\/uploads\/2016\/08\/FullSizeRender.jpg 3370w, https:\/\/janvonsuppengruen.de\/wp-content\/uploads\/2016\/08\/FullSizeRender-632x250.jpg 632w, https:\/\/janvonsuppengruen.de\/wp-content\/uploads\/2016\/08\/FullSizeRender-768x304.jpg 768w, https:\/\/janvonsuppengruen.de\/wp-content\/uploads\/2016\/08\/FullSizeRender-1020x403.jpg 1020w\" sizes=\"auto, (max-width: 631px) 100vw, 631px\" \/><figcaption id=\"caption-attachment-553\" class=\"wp-caption-text\">2017 &#8211; Vier auf der Wiese<\/figcaption><\/figure>\n<figure id=\"attachment_509\" aria-describedby=\"caption-attachment-509\" style=\"width: 632px\" class=\"wp-caption alignleft\"><img loading=\"lazy\" decoding=\"async\" class=\"wp-image-509 size-medium\" src=\"https:\/\/janvonsuppengruen.de\/wp-content\/uploads\/2016\/08\/zig_001-632x420.jpg\" width=\"632\" height=\"420\" srcset=\"https:\/\/janvonsuppengruen.de\/wp-content\/uploads\/2016\/08\/zig_001-632x420.jpg 632w, https:\/\/janvonsuppengruen.de\/wp-content\/uploads\/2016\/08\/zig_001.jpg 720w\" sizes=\"auto, (max-width: 632px) 100vw, 632px\" \/><figcaption id=\"caption-attachment-509\" class=\"wp-caption-text\">2016<\/figcaption><\/figure>\n<figure id=\"attachment_511\" aria-describedby=\"caption-attachment-511\" style=\"width: 632px\" class=\"wp-caption aligncenter\"><img loading=\"lazy\" decoding=\"async\" class=\"wp-image-511 size-medium\" src=\"https:\/\/janvonsuppengruen.de\/wp-content\/uploads\/2016\/08\/zig_003-632x421.jpg\" width=\"632\" height=\"421\" srcset=\"https:\/\/janvonsuppengruen.de\/wp-content\/uploads\/2016\/08\/zig_003-632x421.jpg 632w, https:\/\/janvonsuppengruen.de\/wp-content\/uploads\/2016\/08\/zig_003-768x512.jpg 768w, https:\/\/janvonsuppengruen.de\/wp-content\/uploads\/2016\/08\/zig_003.jpg 960w\" sizes=\"auto, (max-width: 632px) 100vw, 632px\" \/><figcaption id=\"caption-attachment-511\" class=\"wp-caption-text\">2016<\/figcaption><\/figure>\n<figure id=\"attachment_510\" aria-describedby=\"caption-attachment-510\" style=\"width: 632px\" class=\"wp-caption aligncenter\"><img loading=\"lazy\" decoding=\"async\" class=\"wp-image-510 size-medium\" src=\"https:\/\/janvonsuppengruen.de\/wp-content\/uploads\/2016\/08\/zig_002-632x420.jpg\" width=\"632\" height=\"420\" srcset=\"https:\/\/janvonsuppengruen.de\/wp-content\/uploads\/2016\/08\/zig_002-632x420.jpg 632w, https:\/\/janvonsuppengruen.de\/wp-content\/uploads\/2016\/08\/zig_002.jpg 720w\" sizes=\"auto, (max-width: 632px) 100vw, 632px\" \/><figcaption id=\"caption-attachment-510\" class=\"wp-caption-text\">2016<\/figcaption><\/figure>\n<figure id=\"attachment_456\" aria-describedby=\"caption-attachment-456\" style=\"width: 632px\" class=\"wp-caption aligncenter\"><img loading=\"lazy\" decoding=\"async\" class=\" wp-image-456\" src=\"https:\/\/janvonsuppengruen.de\/wp-content\/uploads\/2016\/08\/IMG_1787.jpg\" alt=\"\" width=\"632\" height=\"420\" srcset=\"https:\/\/janvonsuppengruen.de\/wp-content\/uploads\/2016\/08\/IMG_1787.jpg 720w, https:\/\/janvonsuppengruen.de\/wp-content\/uploads\/2016\/08\/IMG_1787-632x420.jpg 632w\" sizes=\"auto, (max-width: 632px) 100vw, 632px\" \/><figcaption id=\"caption-attachment-456\" class=\"wp-caption-text\">2016<\/figcaption><\/figure>\n<p><img loading=\"lazy\" decoding=\"async\" class=\"wp-image-585 alignleft\" src=\"https:\/\/janvonsuppengruen.de\/wp-content\/uploads\/2016\/08\/IMG_8710-e1504073793102.jpg\" alt=\"\" width=\"632\" height=\"843\" srcset=\"https:\/\/janvonsuppengruen.de\/wp-content\/uploads\/2016\/08\/IMG_8710-e1504073793102.jpg 3024w, https:\/\/janvonsuppengruen.de\/wp-content\/uploads\/2016\/08\/IMG_8710-e1504073793102-632x843.jpg 632w, https:\/\/janvonsuppengruen.de\/wp-content\/uploads\/2016\/08\/IMG_8710-e1504073793102-768x1024.jpg 768w, https:\/\/janvonsuppengruen.de\/wp-content\/uploads\/2016\/08\/IMG_8710-e1504073793102-1020x1360.jpg 1020w\" sizes=\"auto, (max-width: 632px) 100vw, 632px\" \/><\/p>\n<figure id=\"attachment_555\" aria-describedby=\"caption-attachment-555\" style=\"width: 1223px\" class=\"wp-caption aligncenter\"><img loading=\"lazy\" decoding=\"async\" class=\"size-full wp-image-555\" src=\"https:\/\/janvonsuppengruen.de\/wp-content\/uploads\/2016\/08\/IMG_7465.jpg\" alt=\"\" width=\"1223\" height=\"1208\" srcset=\"https:\/\/janvonsuppengruen.de\/wp-content\/uploads\/2016\/08\/IMG_7465.jpg 1223w, https:\/\/janvonsuppengruen.de\/wp-content\/uploads\/2016\/08\/IMG_7465-632x624.jpg 632w, https:\/\/janvonsuppengruen.de\/wp-content\/uploads\/2016\/08\/IMG_7465-768x759.jpg 768w, https:\/\/janvonsuppengruen.de\/wp-content\/uploads\/2016\/08\/IMG_7465-1020x1007.jpg 1020w\" sizes=\"auto, (max-width: 767px) 89vw, (max-width: 1000px) 54vw, (max-width: 1071px) 543px, 580px\" \/><figcaption id=\"caption-attachment-555\" class=\"wp-caption-text\">MZ, 24.07.2017<\/figcaption><\/figure>\n<p style=\"text-align: center;\"><img loading=\"lazy\" decoding=\"async\" class=\"aligncenter size-medium wp-image-494\" src=\"https:\/\/janvonsuppengruen.de\/wp-content\/uploads\/2016\/08\/IMG_3904-632x387.jpg\" alt=\"\" width=\"632\" height=\"387\" srcset=\"https:\/\/janvonsuppengruen.de\/wp-content\/uploads\/2016\/08\/IMG_3904-632x387.jpg 632w, https:\/\/janvonsuppengruen.de\/wp-content\/uploads\/2016\/08\/IMG_3904-768x470.jpg 768w, https:\/\/janvonsuppengruen.de\/wp-content\/uploads\/2016\/08\/IMG_3904-1020x624.jpg 1020w\" sizes=\"auto, (max-width: 632px) 100vw, 632px\" \/><\/p>\n<p style=\"text-align: center;\"><img loading=\"lazy\" decoding=\"async\" class=\"aligncenter size-full wp-image-507\" src=\"https:\/\/janvonsuppengruen.de\/wp-content\/uploads\/2016\/08\/Ingo_weihnacht_bearb.jpeg\" alt=\"\" width=\"588\" height=\"646\"><\/p>\n<p><img loading=\"lazy\" decoding=\"async\" class=\"aligncenter size-medium wp-image-499\" src=\"https:\/\/janvonsuppengruen.de\/wp-content\/uploads\/2016\/08\/wb_sonntag_presse-632x1121.jpeg\" alt=\"\" width=\"632\" height=\"1121\" srcset=\"https:\/\/janvonsuppengruen.de\/wp-content\/uploads\/2016\/08\/wb_sonntag_presse-632x1121.jpeg 632w, https:\/\/janvonsuppengruen.de\/wp-content\/uploads\/2016\/08\/wb_sonntag_presse.jpeg 703w\" sizes=\"auto, (max-width: 632px) 100vw, 632px\" \/><\/p>\n<p style=\"text-align: center;\">\n<p style=\"text-align: center;\">\n","protected":false},"excerpt":{"rendered":"<p>Aktuelle Songs und \u00e4ltere Hits werden von Elena Bianchi und Jan P. Pajak auf ein akustisches Mindestma\u00df reduziert und entlocken bekannten Titeln dabei viele neue Facetten. Neben deutschen und englischsprachigen Songs spielen Elena und Jan auch italienische St\u00fccke. Gem\u00fctliche Konzertabende, Firmenfeiern, Bankette und Empf\u00e4nge &#8211; Zwei im Gartenh\u00e4uschen bieten ein stilvolles Programm, immer auch mit &hellip; <\/p>\n<p class=\"link-more\"><a href=\"https:\/\/janvonsuppengruen.de\/?page_id=155\" class=\"more-link\"><span class=\"screen-reader-text\">\u201eZwei im Gartenh\u00e4uschen\u201c <\/span>weiterlesen<\/a><\/p>\n","protected":false},"author":1,"featured_media":751,"parent":0,"menu_order":0,"comment_status":"closed","ping_status":"closed","template":"","meta":{"footnotes":""},"class_list":["post-155","page","type-page","status-publish","has-post-thumbnail","hentry"],"_links":{"self":[{"href":"https:\/\/janvonsuppengruen.de\/index.php?rest_route=\/wp\/v2\/pages\/155","targetHints":{"allow":["GET"]}}],"collection":[{"href":"https:\/\/janvonsuppengruen.de\/index.php?rest_route=\/wp\/v2\/pages"}],"about":[{"href":"https:\/\/janvonsuppengruen.de\/index.php?rest_route=\/wp\/v2\/types\/page"}],"author":[{"embeddable":true,"href":"https:\/\/janvonsuppengruen.de\/index.php?rest_route=\/wp\/v2\/users\/1"}],"replies":[{"embeddable":true,"href":"https:\/\/janvonsuppengruen.de\/index.php?rest_route=%2Fwp%2Fv2%2Fcomments&post=155"}],"version-history":[{"count":45,"href":"https:\/\/janvonsuppengruen.de\/index.php?rest_route=\/wp\/v2\/pages\/155\/revisions"}],"predecessor-version":[{"id":846,"href":"https:\/\/janvonsuppengruen.de\/index.php?rest_route=\/wp\/v2\/pages\/155\/revisions\/846"}],"wp:featuredmedia":[{"embeddable":true,"href":"https:\/\/janvonsuppengruen.de\/index.php?rest_route=\/wp\/v2\/media\/751"}],"wp:attachment":[{"href":"https:\/\/janvonsuppengruen.de\/index.php?rest_route=%2Fwp%2Fv2%2Fmedia&parent=155"}],"curies":[{"name":"wp","href":"https:\/\/api.w.org\/{rel}","templated":true}]}}